{"id":65,"date":"2020-12-28T16:02:23","date_gmt":"2020-12-28T15:02:23","guid":{"rendered":"https:\/\/www.webdesign-desbat.com\/ocdiff\/?page_id=65"},"modified":"2021-02-22T18:09:21","modified_gmt":"2021-02-22T17:09:21","slug":"contact","status":"publish","type":"page","link":"https:\/\/www.webdesign-desbat.com\/ocdiff\/contact\/","title":{"rendered":"Contact"},"content":{"rendered":"\t\t<div data-elementor-type=\"wp-page\" data-elementor-id=\"65\" class=\"elementor elementor-65\" data-elementor-settings=\"[]\">\n\t\t\t\t\t\t<div class=\"elementor-inner\">\n\t\t\t\t\t\t\t<div class=\"elementor-section-wrap\">\n\t\t\t\t\t\t\t<section class=\"elementor-section elementor-top-section elementor-element elementor-element-e091172 elementor-section-full_width elementor-section-stretched elementor-section-height-default elementor-section-height-default\" data-id=\"e091172\" data-element_type=\"section\" data-settings=\"{&quot;stretch_section&quot;:&quot;section-stretched&quot;,&quot;background_background&quot;:&quot;classic&quot;}\">\n\t\t\t\t\t\t<div class=\"elementor-container elementor-column-gap-default\">\n\t\t\t\t\t\t\t<div class=\"elementor-row\">\n\t\t\t\t\t<div class=\"elementor-column elementor-col-100 elementor-top-column elementor-element elementor-element-6d6ec8f\" data-id=\"6d6ec8f\" data-element_type=\"column\">\n\t\t\t<div class=\"elementor-column-wrap elementor-element-populated\">\n\t\t\t\t\t\t\t<div class=\"elementor-widget-wrap\">\n\t\t\t\t\t\t<div class=\"elementor-element elementor-element-5901d4d elementor-widget elementor-widget-heading\" data-id=\"5901d4d\" data-element_type=\"widget\" data-widget_type=\"heading.default\">\n\t\t\t\t<div class=\"elementor-widget-container\">\n\t\t\t<h1 class=\"elementor-heading-title elementor-size-default\">contact<\/h1>\t\t<\/div>\n\t\t\t\t<\/div>\n\t\t\t\t\t\t<\/div>\n\t\t\t\t\t<\/div>\n\t\t<\/div>\n\t\t\t\t\t\t\t\t<\/div>\n\t\t\t\t\t<\/div>\n\t\t<\/section>\n\t\t\t\t<section class=\"elementor-section elementor-top-section elementor-element elementor-element-4399c16 elementor-section-boxed elementor-section-height-default elementor-section-height-default\" data-id=\"4399c16\" data-element_type=\"section\">\n\t\t\t\t\t\t<div class=\"elementor-container elementor-column-gap-default\">\n\t\t\t\t\t\t\t<div class=\"elementor-row\">\n\t\t\t\t\t<div class=\"elementor-column elementor-col-100 elementor-top-column elementor-element elementor-element-a43ff12\" data-id=\"a43ff12\" data-element_type=\"column\">\n\t\t\t<div class=\"elementor-column-wrap elementor-element-populated\">\n\t\t\t\t\t\t\t<div class=\"elementor-widget-wrap\">\n\t\t\t\t\t\t<div class=\"elementor-element elementor-element-5d98017 elementor-widget elementor-widget-spacer\" data-id=\"5d98017\" data-element_type=\"widget\" data-widget_type=\"spacer.default\">\n\t\t\t\t<div class=\"elementor-widget-container\">\n\t\t\t\t\t<div class=\"elementor-spacer\">\n\t\t\t<div class=\"elementor-spacer-inner\"><\/div>\n\t\t<\/div>\n\t\t\t\t<\/div>\n\t\t\t\t<\/div>\n\t\t\t\t\t\t<\/div>\n\t\t\t\t\t<\/div>\n\t\t<\/div>\n\t\t\t\t\t\t\t\t<\/div>\n\t\t\t\t\t<\/div>\n\t\t<\/section>\n\t\t\t\t<section class=\"elementor-section elementor-top-section elementor-element elementor-element-f063f41 elementor-section-boxed elementor-section-height-default elementor-section-height-default\" data-id=\"f063f41\" data-element_type=\"section\">\n\t\t\t\t\t\t<div class=\"elementor-container elementor-column-gap-default\">\n\t\t\t\t\t\t\t<div class=\"elementor-row\">\n\t\t\t\t\t<div class=\"elementor-column elementor-col-33 elementor-top-column elementor-element elementor-element-2fd5a47\" data-id=\"2fd5a47\" data-element_type=\"column\" data-settings=\"{&quot;background_background&quot;:&quot;classic&quot;}\">\n\t\t\t<div class=\"elementor-column-wrap elementor-element-populated\">\n\t\t\t\t\t<div class=\"elementor-background-overlay\"><\/div>\n\t\t\t\t\t\t\t<div class=\"elementor-widget-wrap\">\n\t\t\t\t\t\t<div class=\"elementor-element elementor-element-2e4e00e elementor-widget elementor-widget-image\" data-id=\"2e4e00e\" data-element_type=\"widget\" data-widget_type=\"image.default\">\n\t\t\t\t<div class=\"elementor-widget-container\">\n\t\t\t\t\t<div class=\"elementor-image\">\n\t\t\t\t\t\t\t\t\t\t<img loading=\"lazy\" decoding=\"async\" width=\"237\" height=\"300\" src=\"https:\/\/www.webdesign-desbat.com\/ocdiff\/wp-content\/uploads\/2021\/01\/por-trait-contact-237x300.jpg\" class=\"attachment-medium size-medium\" alt=\"\" srcset=\"https:\/\/www.webdesign-desbat.com\/ocdiff\/wp-content\/uploads\/2021\/01\/por-trait-contact-237x300.jpg 237w, https:\/\/www.webdesign-desbat.com\/ocdiff\/wp-content\/uploads\/2021\/01\/por-trait-contact-500x633.jpg 500w, https:\/\/www.webdesign-desbat.com\/ocdiff\/wp-content\/uploads\/2021\/01\/por-trait-contact.jpg 632w\" sizes=\"auto, (max-width: 237px) 100vw, 237px\" \/>\t\t\t\t\t\t\t\t\t\t\t<\/div>\n\t\t\t\t<\/div>\n\t\t\t\t<\/div>\n\t\t\t\t\t\t<\/div>\n\t\t\t\t\t<\/div>\n\t\t<\/div>\n\t\t\t\t<div class=\"elementor-column elementor-col-66 elementor-top-column elementor-element elementor-element-75f0935\" data-id=\"75f0935\" data-element_type=\"column\" data-settings=\"{&quot;background_background&quot;:&quot;classic&quot;}\">\n\t\t\t<div class=\"elementor-column-wrap elementor-element-populated\">\n\t\t\t\t\t\t\t<div class=\"elementor-widget-wrap\">\n\t\t\t\t\t\t<div class=\"elementor-element elementor-element-49cba8b3 elementor-widget elementor-widget-text-editor\" data-id=\"49cba8b3\" data-element_type=\"widget\" data-widget_type=\"text-editor.default\">\n\t\t\t\t<div class=\"elementor-widget-container\">\n\t\t\t\t\t<div class=\"elementor-text-editor elementor-clearfix\"><p><strong>OCDiff sp\u00e9cialiste du mobilier en plexiglass\u00a9, altuglass\u00a9, Perspex\u00a9\u2026<\/strong>\u00a0au service <strong>des professionnels<\/strong>\u00a0et\u00a0<strong>des particuliers<\/strong>.<\/p><p>De nombreux <strong>professionnels<\/strong> nous font confiance\u00a0: pharmacies, cabinets m\u00e9dicaux, laboratoires, h\u00f4tels, restaurants, accueils d\u2019entreprises, agences int\u00e9rim, cabinets d\u2019expertise comptables, institutions publiques, garages automobiles, taxis, signal\u00e9tiques \u2026\u00a0\u00a0<\/p><p>Et pour les <strong>particuliers<\/strong>\u00a0nous offrons la possibilit\u00e9 de r\u00e9aliser du sur-mesure : Meubles de rangements, \u00e9tag\u00e8res, d\u00e9coupe\u2026<\/p><\/div>\n\t\t\t\t<\/div>\n\t\t\t\t<\/div>\n\t\t\t\t<div class=\"elementor-element elementor-element-5c145e4f elementor-widget elementor-widget-heading\" data-id=\"5c145e4f\" data-element_type=\"widget\" data-widget_type=\"heading.default\">\n\t\t\t\t<div class=\"elementor-widget-container\">\n\t\t\t<h2 class=\"elementor-heading-title elementor-size-default\">Vous avez une id\u00e9e de pr\u00e9sentation de produits, nous la r\u00e9alisons pour vous !<\/h2>\t\t<\/div>\n\t\t\t\t<\/div>\n\t\t\t\t<div class=\"elementor-element elementor-element-106b376 elementor-widget elementor-widget-heading\" data-id=\"106b376\" data-element_type=\"widget\" data-widget_type=\"heading.default\">\n\t\t\t\t<div class=\"elementor-widget-container\">\n\t\t\t<h2 class=\"elementor-heading-title elementor-size-default\">Olivier Ch\u00e8ze<\/h2>\t\t<\/div>\n\t\t\t\t<\/div>\n\t\t\t\t\t\t<\/div>\n\t\t\t\t\t<\/div>\n\t\t<\/div>\n\t\t\t\t\t\t\t\t<\/div>\n\t\t\t\t\t<\/div>\n\t\t<\/section>\n\t\t\t\t<section class=\"elementor-section elementor-top-section elementor-element elementor-element-d0a8ccc elementor-section-boxed elementor-section-height-default elementor-section-height-default\" data-id=\"d0a8ccc\" data-element_type=\"section\">\n\t\t\t\t\t\t<div class=\"elementor-container elementor-column-gap-default\">\n\t\t\t\t\t\t\t<div class=\"elementor-row\">\n\t\t\t\t\t<div class=\"elementor-column elementor-col-33 elementor-top-column elementor-element elementor-element-23436d7\" data-id=\"23436d7\" data-element_type=\"column\" data-settings=\"{&quot;background_background&quot;:&quot;classic&quot;}\">\n\t\t\t<div class=\"elementor-column-wrap elementor-element-populated\">\n\t\t\t\t\t\t\t<div class=\"elementor-widget-wrap\">\n\t\t\t\t\t\t<div class=\"elementor-element elementor-element-1eb267e elementor-widget elementor-widget-heading\" data-id=\"1eb267e\" data-element_type=\"widget\" data-widget_type=\"heading.default\">\n\t\t\t\t<div class=\"elementor-widget-container\">\n\t\t\t<h2 class=\"elementor-heading-title elementor-size-default\">Votre demande<\/h2>\t\t<\/div>\n\t\t\t\t<\/div>\n\t\t\t\t<div class=\"elementor-element elementor-element-93c566c elementor-widget elementor-widget-shortcode\" data-id=\"93c566c\" data-element_type=\"widget\" data-widget_type=\"shortcode.default\">\n\t\t\t\t<div class=\"elementor-widget-container\">\n\t\t\t\t\t<div class=\"elementor-shortcode\">[contact-form-7 id=\"870\" title=\"formulaire-page-contact\"]<\/div>\n\t\t\t\t<\/div>\n\t\t\t\t<\/div>\n\t\t\t\t<div class=\"elementor-element elementor-element-8eb951c elementor-shape-square elementor-grid-0 elementor-widget elementor-widget-social-icons\" data-id=\"8eb951c\" data-element_type=\"widget\" data-widget_type=\"social-icons.default\">\n\t\t\t\t<div class=\"elementor-widget-container\">\n\t\t\t\t\t<div class=\"elementor-social-icons-wrapper elementor-grid\">\n\t\t\t\t\t\t\t<div class=\"elementor-grid-item\">\n\t\t\t\t\t<a class=\"elementor-icon elementor-social-icon elementor-social-icon-facebook elementor-animation-push elementor-repeater-item-263960e\" href=\"https:\/\/www.facebook.com\/pg\/Ocdiff-Plexi-100739184687613\/posts\/\" target=\"_blank\">\n\t\t\t\t\t\t<span class=\"elementor-screen-only\">Facebook<\/span>\n\t\t\t\t\t\t<i class=\"fab fa-facebook\"><\/i>\t\t\t\t\t<\/a>\n\t\t\t\t<\/div>\n\t\t\t\t\t\t\t<div class=\"elementor-grid-item\">\n\t\t\t\t\t<a class=\"elementor-icon elementor-social-icon elementor-social-icon-instagram elementor-animation-push elementor-repeater-item-509aedf\" href=\"https:\/\/www.instagram.com\/accounts\/login\/\" target=\"_blank\">\n\t\t\t\t\t\t<span class=\"elementor-screen-only\">Instagram<\/span>\n\t\t\t\t\t\t<i class=\"fab fa-instagram\"><\/i>\t\t\t\t\t<\/a>\n\t\t\t\t<\/div>\n\t\t\t\t\t\t\t<div class=\"elementor-grid-item\">\n\t\t\t\t\t<a class=\"elementor-icon elementor-social-icon elementor-social-icon-linkedin elementor-animation-push elementor-repeater-item-2ae3acb\" href=\"https:\/\/www.linkedin.com\/in\/olivier-cheze-0845bb8\/\" target=\"_blank\">\n\t\t\t\t\t\t<span class=\"elementor-screen-only\">Linkedin<\/span>\n\t\t\t\t\t\t<i class=\"fab fa-linkedin\"><\/i>\t\t\t\t\t<\/a>\n\t\t\t\t<\/div>\n\t\t\t\t\t\t\t<div class=\"elementor-grid-item\">\n\t\t\t\t\t<a class=\"elementor-icon elementor-social-icon elementor-social-icon-pinterest elementor-animation-push elementor-repeater-item-8469ad2\" target=\"_blank\">\n\t\t\t\t\t\t<span class=\"elementor-screen-only\">Pinterest<\/span>\n\t\t\t\t\t\t<i class=\"fab fa-pinterest\"><\/i>\t\t\t\t\t<\/a>\n\t\t\t\t<\/div>\n\t\t\t\t\t<\/div>\n\t\t\t\t<\/div>\n\t\t\t\t<\/div>\n\t\t\t\t\t\t<\/div>\n\t\t\t\t\t<\/div>\n\t\t<\/div>\n\t\t\t\t<div class=\"elementor-column elementor-col-66 elementor-top-column elementor-element elementor-element-8fa8da3\" data-id=\"8fa8da3\" data-element_type=\"column\">\n\t\t\t<div class=\"elementor-column-wrap elementor-element-populated\">\n\t\t\t\t\t\t\t<div class=\"elementor-widget-wrap\">\n\t\t\t\t\t\t<div class=\"elementor-element elementor-element-a55794a elementor-widget elementor-widget-image\" data-id=\"a55794a\" data-element_type=\"widget\" data-widget_type=\"image.default\">\n\t\t\t\t<div class=\"elementor-widget-container\">\n\t\t\t\t\t<div class=\"elementor-image\">\n\t\t\t\t\t\t\t\t\t\t<img loading=\"lazy\" decoding=\"async\" width=\"210\" height=\"85\" src=\"https:\/\/www.webdesign-desbat.com\/ocdiff\/wp-content\/uploads\/2021\/01\/logo-ocdiff.png\" class=\"attachment-medium size-medium\" alt=\"\" \/>\t\t\t\t\t\t\t\t\t\t\t<\/div>\n\t\t\t\t<\/div>\n\t\t\t\t<\/div>\n\t\t\t\t<div class=\"elementor-element elementor-element-6a1957e elementor-widget elementor-widget-text-editor\" data-id=\"6a1957e\" data-element_type=\"widget\" data-widget_type=\"text-editor.default\">\n\t\t\t\t<div class=\"elementor-widget-container\">\n\t\t\t\t\t<div class=\"elementor-text-editor elementor-clearfix\"><h4><strong>1 Boulevard de la Marne<\/strong><br \/><strong>94130 Nogent-sur-Marne<\/strong><\/h4><\/div>\n\t\t\t\t<\/div>\n\t\t\t\t<\/div>\n\t\t\t\t<div class=\"elementor-element elementor-element-422f0c0 elementor-align-left elementor-icon-list--layout-traditional elementor-list-item-link-full_width elementor-widget elementor-widget-icon-list\" data-id=\"422f0c0\" data-element_type=\"widget\" data-widget_type=\"icon-list.default\">\n\t\t\t\t<div class=\"elementor-widget-container\">\n\t\t\t\t\t<ul class=\"elementor-icon-list-items\">\n\t\t\t\t\t\t\t<li class=\"elementor-icon-list-item\">\n\t\t\t\t\t<a href=\"mailto:contact@ocdiff.com\" target=\"_blank\">\t\t\t\t\t\t<span class=\"elementor-icon-list-icon\">\n\t\t\t\t\t\t\t<svg xmlns=\"http:\/\/www.w3.org\/2000\/svg\" xmlns:xlink=\"http:\/\/www.w3.org\/1999\/xlink\" id=\"Capa_1\" x=\"0px\" y=\"0px\" viewBox=\"0 0 453.818 453.818\" style=\"enable-background:new 0 0 453.818 453.818;\" xml:space=\"preserve\">\n<path d=\"M438.818,96.071H15c-8.284,0-15,6.716-15,15v231.676c0,8.284,6.716,15,15,15h423.818c8.284,0,15-6.716,15-15V111.071  C453.818,102.787,447.103,96.071,438.818,96.071z M30,133.089l140.736,93.819L30,320.733V133.089z M55.533,327.747l133.231-88.821  l32.598,21.731c1.68,1.12,3.613,1.679,5.547,1.679s3.867-0.56,5.547-1.679l32.601-21.733l133.233,88.822H55.533z M226.909,240.319  L55.53,126.071h342.759L226.909,240.319z M283.085,226.907l140.734-93.818v187.64L283.085,226.907z\"><\/path>\n<g>\n<\/g>\n<g>\n<\/g>\n<g>\n<\/g>\n<g>\n<\/g>\n<g>\n<\/g>\n<g>\n<\/g>\n<g>\n<\/g>\n<g>\n<\/g>\n<g>\n<\/g>\n<g>\n<\/g>\n<g>\n<\/g>\n<g>\n<\/g>\n<g>\n<\/g>\n<g>\n<\/g>\n<g>\n<\/g>\n<\/svg>\t\t\t\t\t\t<\/span>\n\t\t\t\t\t\t\t\t\t\t<span class=\"elementor-icon-list-text\">contact@ocdiff.com<\/span>\n\t\t\t\t\t\t\t\t\t\t\t<\/a>\n\t\t\t\t\t\t\t\t\t<\/li>\n\t\t\t\t\t\t\t\t<li class=\"elementor-icon-list-item\">\n\t\t\t\t\t\t\t\t\t\t\t<span class=\"elementor-icon-list-icon\">\n\t\t\t\t\t\t\t<svg xmlns=\"http:\/\/www.w3.org\/2000\/svg\" xmlns:xlink=\"http:\/\/www.w3.org\/1999\/xlink\" id=\"Capa_1\" x=\"0px\" y=\"0px\" viewBox=\"0 0 450.06 450.06\" style=\"enable-background:new 0 0 450.06 450.06;\" xml:space=\"preserve\">\n<g>\n\t<path d=\"M138.1,49.839h53.847c4.142,0,7.5-3.358,7.5-7.5s-3.358-7.5-7.5-7.5H138.1c-4.142,0-7.5,3.358-7.5,7.5   S133.958,49.839,138.1,49.839z\"><\/path>\n\t<path d=\"M165.023,387.482c-10.54,0-19.114,8.574-19.114,19.114s8.574,19.114,19.114,19.114s19.114-8.574,19.114-19.114   S175.563,387.482,165.023,387.482z M165.023,410.71c-2.269,0-4.114-1.845-4.114-4.114s1.845-4.114,4.114-4.114   s4.114,1.845,4.114,4.114S167.292,410.71,165.023,410.71z\"><\/path>\n\t<path d=\"M403.444,105.717h-96.366V29.48c0-16.255-13.225-29.48-29.48-29.48H52.449c-16.255,0-29.48,13.225-29.48,29.48v391.11   c0,16.25,13.225,29.47,29.48,29.47h225.15c16.255,0,29.48-13.22,29.48-29.47V287.752h96.366c13.039,0,23.647-10.608,23.647-23.647   V129.364C427.091,116.325,416.483,105.717,403.444,105.717z M292.079,420.59c0,7.979-6.496,14.47-14.48,14.47H52.449   c-7.984,0-14.48-6.491-14.48-14.47V29.48c0-7.984,6.496-14.48,14.48-14.48h225.15c7.984,0,14.48,6.496,14.48,14.48v76.237h-11.39   V75.85c0-4.142-3.358-7.5-7.5-7.5H56.858c-4.142,0-7.5,3.358-7.5,7.5v298.36c0,4.142,3.358,7.5,7.5,7.5h216.33   c4.142,0,7.5-3.358,7.5-7.5v-78.827l10.943-7.631h0.447V420.59z M186.065,287.752h32.823v36.353c0,2.794,1.553,5.356,4.03,6.649   c1.091,0.569,2.282,0.851,3.469,0.851c1.507,0,3.008-0.454,4.291-1.348l35.011-24.414v60.867H64.358V83.35h201.33v22.367h-79.624   c-13.039,0-23.647,10.608-23.647,23.647v134.741C162.417,277.144,173.026,287.752,186.065,287.752z M412.091,264.105   c0,4.768-3.879,8.647-8.647,8.647h-114.17c-1.534,0-3.032,0.471-4.29,1.348l-51.097,35.631v-29.479c0-4.142-3.358-7.5-7.5-7.5   h-40.323c-4.768,0-8.647-3.879-8.647-8.647V129.364c0-4.768,3.879-8.647,8.647-8.647h217.379c4.768,0,8.647,3.879,8.647,8.647   V264.105z\"><\/path>\n\t<path d=\"M373.261,151.834H216.249c-4.142,0-7.5,3.358-7.5,7.5s3.358,7.5,7.5,7.5h157.012c4.142,0,7.5-3.358,7.5-7.5   S377.403,151.834,373.261,151.834z\"><\/path>\n\t<path d=\"M373.261,189.234H216.249c-4.142,0-7.5,3.358-7.5,7.5s3.358,7.5,7.5,7.5h157.012c4.142,0,7.5-3.358,7.5-7.5   S377.403,189.234,373.261,189.234z\"><\/path>\n\t<path d=\"M373.261,226.634H216.249c-4.142,0-7.5,3.358-7.5,7.5s3.358,7.5,7.5,7.5h157.012c4.142,0,7.5-3.358,7.5-7.5   S377.403,226.634,373.261,226.634z\"><\/path>\n<\/g>\n<g>\n<\/g>\n<g>\n<\/g>\n<g>\n<\/g>\n<g>\n<\/g>\n<g>\n<\/g>\n<g>\n<\/g>\n<g>\n<\/g>\n<g>\n<\/g>\n<g>\n<\/g>\n<g>\n<\/g>\n<g>\n<\/g>\n<g>\n<\/g>\n<g>\n<\/g>\n<g>\n<\/g>\n<g>\n<\/g>\n<\/svg>\t\t\t\t\t\t<\/span>\n\t\t\t\t\t\t\t\t\t\t<span class=\"elementor-icon-list-text\">06 30 44 95 92<\/span>\n\t\t\t\t\t\t\t\t\t<\/li>\n\t\t\t\t\t\t\t\t<li class=\"elementor-icon-list-item\">\n\t\t\t\t\t<a href=\"https:\/\/www.ocdiff.com\/index.html\" target=\"_blank\">\t\t\t\t\t\t<span class=\"elementor-icon-list-icon\">\n\t\t\t\t\t\t\t<svg xmlns=\"http:\/\/www.w3.org\/2000\/svg\" xmlns:xlink=\"http:\/\/www.w3.org\/1999\/xlink\" id=\"Capa_1\" x=\"0px\" y=\"0px\" viewBox=\"0 0 209.281 209.281\" style=\"enable-background:new 0 0 209.281 209.281;\" xml:space=\"preserve\">\n<path d=\"M203.456,139.065c3.768-10.786,5.824-22.369,5.824-34.425s-2.056-23.639-5.824-34.425c-0.092-0.324-0.201-0.64-0.333-0.944  C188.589,28.926,149.932,0,104.641,0S20.692,28.926,6.159,69.271c-0.132,0.305-0.242,0.62-0.333,0.944  c-3.768,10.786-5.824,22.369-5.824,34.425s2.056,23.639,5.824,34.425c0.092,0.324,0.201,0.64,0.333,0.944  c14.534,40.346,53.191,69.271,98.482,69.271s83.948-28.926,98.482-69.271C203.255,139.705,203.364,139.39,203.456,139.065z   M104.641,194.281c-3.985,0-10.41-7.212-15.78-23.324c-2.592-7.775-4.667-16.713-6.179-26.436H126.6  c-1.512,9.723-3.587,18.66-6.178,26.436C115.051,187.069,108.626,194.281,104.641,194.281z M80.862,129.521  c-0.721-7.998-1.102-16.342-1.102-24.881s0.381-16.883,1.102-24.881h47.557c0.721,7.998,1.102,16.342,1.102,24.881  s-0.381,16.883-1.102,24.881H80.862z M15.001,104.641c0-8.63,1.229-16.978,3.516-24.881h47.3  c-0.701,8.163-1.057,16.529-1.057,24.881s0.355,16.718,1.057,24.881h-47.3C16.23,121.618,15.001,113.271,15.001,104.641z   M104.641,15c3.985,0,10.411,7.212,15.781,23.324c2.591,7.775,4.667,16.713,6.178,26.435H82.681  c1.512-9.723,3.587-18.66,6.179-26.435C94.231,22.212,100.656,15,104.641,15z M143.464,79.76h47.3  c2.287,7.903,3.516,16.251,3.516,24.881s-1.229,16.978-3.516,24.881h-47.3c0.701-8.163,1.057-16.529,1.057-24.881  S144.165,87.923,143.464,79.76z M184.903,64.76h-43.16c-2.668-18.397-7.245-34.902-13.666-46.644  C152.972,24.865,173.597,42.096,184.903,64.76z M81.204,18.115C74.783,29.857,70.206,46.362,67.538,64.76h-43.16  C35.685,42.096,56.309,24.865,81.204,18.115z M24.378,144.521h43.16c2.668,18.397,7.245,34.902,13.666,46.645  C56.309,184.416,35.685,167.186,24.378,144.521z M128.077,191.166c6.421-11.742,10.998-28.247,13.666-46.645h43.16  C173.597,167.186,152.972,184.416,128.077,191.166z\"><\/path>\n<g>\n<\/g>\n<g>\n<\/g>\n<g>\n<\/g>\n<g>\n<\/g>\n<g>\n<\/g>\n<g>\n<\/g>\n<g>\n<\/g>\n<g>\n<\/g>\n<g>\n<\/g>\n<g>\n<\/g>\n<g>\n<\/g>\n<g>\n<\/g>\n<g>\n<\/g>\n<g>\n<\/g>\n<g>\n<\/g>\n<\/svg>\t\t\t\t\t\t<\/span>\n\t\t\t\t\t\t\t\t\t\t<span class=\"elementor-icon-list-text\">www.ocdiff.com<\/span>\n\t\t\t\t\t\t\t\t\t\t\t<\/a>\n\t\t\t\t\t\t\t\t\t<\/li>\n\t\t\t\t\t\t<\/ul>\n\t\t\t\t<\/div>\n\t\t\t\t<\/div>\n\t\t\t\t<div class=\"elementor-element elementor-element-4eb1828 elementor-widget elementor-widget-spacer\" data-id=\"4eb1828\" data-element_type=\"widget\" data-widget_type=\"spacer.default\">\n\t\t\t\t<div class=\"elementor-widget-container\">\n\t\t\t\t\t<div class=\"elementor-spacer\">\n\t\t\t<div class=\"elementor-spacer-inner\"><\/div>\n\t\t<\/div>\n\t\t\t\t<\/div>\n\t\t\t\t<\/div>\n\t\t\t\t<div class=\"elementor-element elementor-element-cbe42b7 elementor-widget elementor-widget-google_maps\" data-id=\"cbe42b7\" data-element_type=\"widget\" data-widget_type=\"google_maps.default\">\n\t\t\t\t<div class=\"elementor-widget-container\">\n\t\t\t<div class=\"elementor-custom-embed\"><iframe frameborder=\"0\" scrolling=\"no\" marginheight=\"0\" marginwidth=\"0\" src=\"https:\/\/maps.google.com\/maps?q=1%20Bd%20de%20la%20Marne%2C%2094130%20NOGENT%20SUR%20MARNE&amp;t=m&amp;z=15&amp;output=embed&amp;iwloc=near\" title=\"1 Bd de la Marne, 94130 NOGENT SUR MARNE\" aria-label=\"1 Bd de la Marne, 94130 NOGENT SUR MARNE\"><\/iframe><\/div>\t\t<\/div>\n\t\t\t\t<\/div>\n\t\t\t\t\t\t<\/div>\n\t\t\t\t\t<\/div>\n\t\t<\/div>\n\t\t\t\t\t\t\t\t<\/div>\n\t\t\t\t\t<\/div>\n\t\t<\/section>\n\t\t\t\t<section class=\"elementor-section elementor-top-section elementor-element elementor-element-3c78f1a elementor-section-boxed elementor-section-height-default elementor-section-height-default\" data-id=\"3c78f1a\" data-element_type=\"section\">\n\t\t\t\t\t\t<div class=\"elementor-container elementor-column-gap-default\">\n\t\t\t\t\t\t\t<div class=\"elementor-row\">\n\t\t\t\t\t<div class=\"elementor-column elementor-col-50 elementor-top-column elementor-element elementor-element-b704c25\" data-id=\"b704c25\" data-element_type=\"column\">\n\t\t\t<div class=\"elementor-column-wrap\">\n\t\t\t\t\t\t\t<div class=\"elementor-widget-wrap\">\n\t\t\t\t\t\t\t\t<\/div>\n\t\t\t\t\t<\/div>\n\t\t<\/div>\n\t\t\t\t<div class=\"elementor-column elementor-col-50 elementor-top-column elementor-element elementor-element-dd2140a\" data-id=\"dd2140a\" data-element_type=\"column\">\n\t\t\t<div class=\"elementor-column-wrap\">\n\t\t\t\t\t\t\t<div class=\"elementor-widget-wrap\">\n\t\t\t\t\t\t\t\t<\/div>\n\t\t\t\t\t<\/div>\n\t\t<\/div>\n\t\t\t\t\t\t\t\t<\/div>\n\t\t\t\t\t<\/div>\n\t\t<\/section>\n\t\t\t\t\t\t<\/div>\n\t\t\t\t\t\t<\/div>\n\t\t\t\t\t<\/div>\n\t\t","protected":false},"excerpt":{"rendered":"<p>contact OCDiff sp\u00e9cialiste du mobilier en plexiglass\u00a9, altuglass\u00a9, Perspex\u00a9\u2026\u00a0au service des professionnels\u00a0et\u00a0des particuliers. De nombreux professionnels nous font confiance\u00a0: pharmacies, cabinets m\u00e9dicaux, laboratoires, h\u00f4tels, restaurants, accueils d\u2019entreprises, agences int\u00e9rim, cabinets d\u2019expertise comptables, institutions publiques, garages automobiles, taxis, signal\u00e9tiques \u2026\u00a0\u00a0 Et pour les particuliers\u00a0nous offrons la possibilit\u00e9 de r\u00e9aliser du sur-mesure : Meubles de rangements, \u00e9tag\u00e8res,\u2026<\/p>\n","protected":false},"author":1,"featured_media":0,"parent":0,"menu_order":0,"comment_status":"closed","ping_status":"closed","template":"","meta":{"footnotes":""},"class_list":["post-65","page","type-page","status-publish","hentry","entry","owp-thumbs-layout-horizontal","owp-btn-normal","owp-tabs-layout-horizontal","has-no-thumbnails","has-product-nav"],"yoast_head":"<!-- This site is optimized with the Yoast SEO plugin v15.5 - https:\/\/yoast.com\/wordpress\/plugins\/seo\/ -->\n<title>Contact - Ocdiff<\/title>\n<meta name=\"robots\" content=\"index, follow, max-snippet:-1, max-image-preview:large, max-video-preview:-1\" \/>\n<link rel=\"canonical\" href=\"https:\/\/www.webdesign-desbat.com\/ocdiff\/contact\/\" \/>\n<meta property=\"og:locale\" content=\"fr_FR\" \/>\n<meta property=\"og:type\" content=\"article\" \/>\n<meta property=\"og:title\" content=\"Contact - Ocdiff\" \/>\n<meta property=\"og:description\" content=\"contact OCDiff sp\u00e9cialiste du mobilier en plexiglass\u00a9, altuglass\u00a9, Perspex\u00a9\u2026\u00a0au service des professionnels\u00a0et\u00a0des particuliers. De nombreux professionnels nous font confiance\u00a0: pharmacies, cabinets m\u00e9dicaux, laboratoires, h\u00f4tels, restaurants, accueils d\u2019entreprises, agences int\u00e9rim, cabinets d\u2019expertise comptables, institutions publiques, garages automobiles, taxis, signal\u00e9tiques \u2026\u00a0\u00a0 Et pour les particuliers\u00a0nous offrons la possibilit\u00e9 de r\u00e9aliser du sur-mesure : Meubles de rangements, \u00e9tag\u00e8res,\u2026\" \/>\n<meta property=\"og:url\" content=\"https:\/\/www.webdesign-desbat.com\/ocdiff\/contact\/\" \/>\n<meta property=\"og:site_name\" content=\"Ocdiff\" \/>\n<meta property=\"article:modified_time\" content=\"2021-02-22T17:09:21+00:00\" \/>\n<meta property=\"og:image\" content=\"https:\/\/www.webdesign-desbat.com\/ocdiff\/wp-content\/uploads\/2021\/01\/por-trait-contact-237x300.jpg\" \/>\n<meta name=\"twitter:card\" content=\"summary_large_image\" \/>\n<meta name=\"twitter:label1\" content=\"Dur\u00e9e de lecture est.\">\n\t<meta name=\"twitter:data1\" content=\"0 minute\">\n<script type=\"application\/ld+json\" class=\"yoast-schema-graph\">{\"@context\":\"https:\/\/schema.org\",\"@graph\":[{\"@type\":\"WebSite\",\"@id\":\"https:\/\/www.webdesign-desbat.com\/ocdiff\/#website\",\"url\":\"https:\/\/www.webdesign-desbat.com\/ocdiff\/\",\"name\":\"Ocdiff\",\"description\":\"Conception et r\\u00e9alisation  de meubles  sur-mesure en Plexiglas, protection comptoir, bacs soldeurs\",\"potentialAction\":[{\"@type\":\"SearchAction\",\"target\":\"https:\/\/www.webdesign-desbat.com\/ocdiff\/?s={search_term_string}\",\"query-input\":\"required name=search_term_string\"}],\"inLanguage\":\"fr-FR\"},{\"@type\":\"ImageObject\",\"@id\":\"https:\/\/www.webdesign-desbat.com\/ocdiff\/contact\/#primaryimage\",\"inLanguage\":\"fr-FR\",\"url\":\"https:\/\/www.webdesign-desbat.com\/ocdiff\/wp-content\/uploads\/2021\/01\/por-trait-contact.jpg\",\"width\":632,\"height\":800},{\"@type\":\"WebPage\",\"@id\":\"https:\/\/www.webdesign-desbat.com\/ocdiff\/contact\/#webpage\",\"url\":\"https:\/\/www.webdesign-desbat.com\/ocdiff\/contact\/\",\"name\":\"Contact - Ocdiff\",\"isPartOf\":{\"@id\":\"https:\/\/www.webdesign-desbat.com\/ocdiff\/#website\"},\"primaryImageOfPage\":{\"@id\":\"https:\/\/www.webdesign-desbat.com\/ocdiff\/contact\/#primaryimage\"},\"datePublished\":\"2020-12-28T15:02:23+00:00\",\"dateModified\":\"2021-02-22T17:09:21+00:00\",\"inLanguage\":\"fr-FR\",\"potentialAction\":[{\"@type\":\"ReadAction\",\"target\":[\"https:\/\/www.webdesign-desbat.com\/ocdiff\/contact\/\"]}]}]}<\/script>\n<!-- \/ Yoast SEO plugin. -->","_links":{"self":[{"href":"https:\/\/www.webdesign-desbat.com\/ocdiff\/wp-json\/wp\/v2\/pages\/65","targetHints":{"allow":["GET"]}}],"collection":[{"href":"https:\/\/www.webdesign-desbat.com\/ocdiff\/wp-json\/wp\/v2\/pages"}],"about":[{"href":"https:\/\/www.webdesign-desbat.com\/ocdiff\/wp-json\/wp\/v2\/types\/page"}],"author":[{"embeddable":true,"href":"https:\/\/www.webdesign-desbat.com\/ocdiff\/wp-json\/wp\/v2\/users\/1"}],"replies":[{"embeddable":true,"href":"https:\/\/www.webdesign-desbat.com\/ocdiff\/wp-json\/wp\/v2\/comments?post=65"}],"version-history":[{"count":0,"href":"https:\/\/www.webdesign-desbat.com\/ocdiff\/wp-json\/wp\/v2\/pages\/65\/revisions"}],"wp:attachment":[{"href":"https:\/\/www.webdesign-desbat.com\/ocdiff\/wp-json\/wp\/v2\/media?parent=65"}],"curies":[{"name":"wp","href":"https:\/\/api.w.org\/{rel}","templated":true}]}}