{"id":737,"date":"2021-01-13T10:53:32","date_gmt":"2021-01-13T09:53:32","guid":{"rendered":"https:\/\/www.webdesign-desbat.com\/ocdiff\/?page_id=737"},"modified":"2021-04-09T17:45:38","modified_gmt":"2021-04-09T15:45:38","slug":"liens","status":"publish","type":"page","link":"https:\/\/www.webdesign-desbat.com\/ocdiff\/liens\/","title":{"rendered":"Liens"},"content":{"rendered":"\t\t<div data-elementor-type=\"wp-page\" data-elementor-id=\"737\" class=\"elementor elementor-737\" data-elementor-settings=\"[]\">\n\t\t\t\t\t\t<div class=\"elementor-inner\">\n\t\t\t\t\t\t\t<div class=\"elementor-section-wrap\">\n\t\t\t\t\t\t\t<section class=\"elementor-section elementor-top-section elementor-element elementor-element-778897a elementor-section-boxed elementor-section-height-default elementor-section-height-default\" data-id=\"778897a\" data-element_type=\"section\">\n\t\t\t\t\t\t<div class=\"elementor-container elementor-column-gap-default\">\n\t\t\t\t\t\t\t<div class=\"elementor-row\">\n\t\t\t\t\t<div class=\"elementor-column elementor-col-100 elementor-top-column elementor-element elementor-element-fb635e8\" data-id=\"fb635e8\" data-element_type=\"column\">\n\t\t\t<div class=\"elementor-column-wrap elementor-element-populated\">\n\t\t\t\t\t\t\t<div class=\"elementor-widget-wrap\">\n\t\t\t\t\t\t<div class=\"elementor-element elementor-element-ed2a36c elementor-widget elementor-widget-heading\" data-id=\"ed2a36c\" data-element_type=\"widget\" data-widget_type=\"heading.default\">\n\t\t\t\t<div class=\"elementor-widget-container\">\n\t\t\t<h2 class=\"elementor-heading-title elementor-size-default\">Liens<\/h2>\t\t<\/div>\n\t\t\t\t<\/div>\n\t\t\t\t\t\t<\/div>\n\t\t\t\t\t<\/div>\n\t\t<\/div>\n\t\t\t\t\t\t\t\t<\/div>\n\t\t\t\t\t<\/div>\n\t\t<\/section>\n\t\t\t\t<section class=\"elementor-section elementor-top-section elementor-element elementor-element-3979515 elementor-section-boxed elementor-section-height-default elementor-section-height-default\" data-id=\"3979515\" data-element_type=\"section\">\n\t\t\t\t\t\t<div class=\"elementor-container elementor-column-gap-default\">\n\t\t\t\t\t\t\t<div class=\"elementor-row\">\n\t\t\t\t\t<div class=\"elementor-column elementor-col-100 elementor-top-column elementor-element elementor-element-66be140\" data-id=\"66be140\" data-element_type=\"column\">\n\t\t\t<div class=\"elementor-column-wrap elementor-element-populated\">\n\t\t\t\t\t\t\t<div class=\"elementor-widget-wrap\">\n\t\t\t\t\t\t<div class=\"elementor-element elementor-element-400bfa3 elementor-widget elementor-widget-text-editor\" data-id=\"400bfa3\" data-element_type=\"widget\" data-widget_type=\"text-editor.default\">\n\t\t\t\t<div class=\"elementor-widget-container\">\n\t\t\t\t\t<div class=\"elementor-text-editor elementor-clearfix\"><p><a href=\"https:\/\/www.webdesign-desbat.com\/\" target=\"_blank\" rel=\"noopener\">https:\/\/www.webdesign-desbat.com\/<\/a><\/p><hr \/><p><a href=\"https:\/\/manufacture-web.com\/\" target=\"_blank\" rel=\"noopener\">manufacture-web.com<\/a><\/p><hr \/><hr \/><p><a href=\"https:\/\/reflexologie-kathia-rouyer.fr\/\" target=\"_blank\" rel=\"noopener\">reflexologie-kathia-rouyer.fr<\/a><\/p><hr \/><p><a href=\"https:\/\/bonnaire-batiment.com\/\" target=\"_blank\" rel=\"noopener\">bonnaire-batiment.com<\/a><\/p><hr \/><p>Annuaire b\u00e2timent<\/p><hr \/><p>Annuaire d\u00e9coration<\/p><hr \/><p>Annuaire Commercial<\/p><hr \/><p>Annuaire r\u00e9f\u00e9rencement gratuit<\/p><hr \/><p>Annuaire du b\u00e2timent, des professionnels, artisans et des travaux<\/p><hr \/><p>Best of Batiment<\/p><hr \/><p>Annuaire Eplayaz<\/p><hr \/><p>diagnostic-immobilier-diagtil<\/p><hr \/><p>east-design.fr<\/p><hr \/><\/div>\n\t\t\t\t<\/div>\n\t\t\t\t<\/div>\n\t\t\t\t\t\t<\/div>\n\t\t\t\t\t<\/div>\n\t\t<\/div>\n\t\t\t\t\t\t\t\t<\/div>\n\t\t\t\t\t<\/div>\n\t\t<\/section>\n\t\t\t\t\t\t<\/div>\n\t\t\t\t\t\t<\/div>\n\t\t\t\t\t<\/div>\n\t\t","protected":false},"excerpt":{"rendered":"<p>Liens https:\/\/www.webdesign-desbat.com\/ manufacture-web.com reflexologie-kathia-rouyer.fr bonnaire-batiment.com Annuaire b\u00e2timent Annuaire d\u00e9coration Annuaire Commercial Annuaire r\u00e9f\u00e9rencement gratuit Annuaire du b\u00e2timent, des professionnels, artisans et des travaux Best of Batiment Annuaire Eplayaz diagnostic-immobilier-diagtil east-design.fr<\/p>\n","protected":false},"author":1,"featured_media":0,"parent":0,"menu_order":0,"comment_status":"closed","ping_status":"closed","template":"","meta":{"footnotes":""},"class_list":["post-737","page","type-page","status-publish","hentry","entry","owp-thumbs-layout-horizontal","owp-btn-normal","owp-tabs-layout-horizontal","has-no-thumbnails","has-product-nav"],"yoast_head":"<!-- This site is optimized with the Yoast SEO plugin v15.5 - https:\/\/yoast.com\/wordpress\/plugins\/seo\/ -->\n<title>Liens - Ocdiff<\/title>\n<meta name=\"robots\" content=\"index, follow, max-snippet:-1, max-image-preview:large, max-video-preview:-1\" \/>\n<link rel=\"canonical\" href=\"https:\/\/www.webdesign-desbat.com\/ocdiff\/liens\/\" \/>\n<meta property=\"og:locale\" content=\"fr_FR\" \/>\n<meta property=\"og:type\" content=\"article\" \/>\n<meta property=\"og:title\" content=\"Liens - Ocdiff\" \/>\n<meta property=\"og:description\" content=\"Liens https:\/\/www.webdesign-desbat.com\/ manufacture-web.com reflexologie-kathia-rouyer.fr bonnaire-batiment.com Annuaire b\u00e2timent Annuaire d\u00e9coration Annuaire Commercial Annuaire r\u00e9f\u00e9rencement gratuit Annuaire du b\u00e2timent, des professionnels, artisans et des travaux Best of Batiment Annuaire Eplayaz diagnostic-immobilier-diagtil east-design.fr\" \/>\n<meta property=\"og:url\" content=\"https:\/\/www.webdesign-desbat.com\/ocdiff\/liens\/\" \/>\n<meta property=\"og:site_name\" content=\"Ocdiff\" \/>\n<meta property=\"article:modified_time\" content=\"2021-04-09T15:45:38+00:00\" \/>\n<meta name=\"twitter:card\" content=\"summary_large_image\" \/>\n<meta name=\"twitter:label1\" content=\"Dur\u00e9e de lecture est.\">\n\t<meta name=\"twitter:data1\" content=\"0 minute\">\n<script type=\"application\/ld+json\" class=\"yoast-schema-graph\">{\"@context\":\"https:\/\/schema.org\",\"@graph\":[{\"@type\":\"WebSite\",\"@id\":\"https:\/\/www.webdesign-desbat.com\/ocdiff\/#website\",\"url\":\"https:\/\/www.webdesign-desbat.com\/ocdiff\/\",\"name\":\"Ocdiff\",\"description\":\"Conception et r\\u00e9alisation  de meubles  sur-mesure en Plexiglas, protection comptoir, bacs soldeurs\",\"potentialAction\":[{\"@type\":\"SearchAction\",\"target\":\"https:\/\/www.webdesign-desbat.com\/ocdiff\/?s={search_term_string}\",\"query-input\":\"required name=search_term_string\"}],\"inLanguage\":\"fr-FR\"},{\"@type\":\"WebPage\",\"@id\":\"https:\/\/www.webdesign-desbat.com\/ocdiff\/liens\/#webpage\",\"url\":\"https:\/\/www.webdesign-desbat.com\/ocdiff\/liens\/\",\"name\":\"Liens - Ocdiff\",\"isPartOf\":{\"@id\":\"https:\/\/www.webdesign-desbat.com\/ocdiff\/#website\"},\"datePublished\":\"2021-01-13T09:53:32+00:00\",\"dateModified\":\"2021-04-09T15:45:38+00:00\",\"inLanguage\":\"fr-FR\",\"potentialAction\":[{\"@type\":\"ReadAction\",\"target\":[\"https:\/\/www.webdesign-desbat.com\/ocdiff\/liens\/\"]}]}]}<\/script>\n<!-- \/ Yoast SEO plugin. -->","_links":{"self":[{"href":"https:\/\/www.webdesign-desbat.com\/ocdiff\/wp-json\/wp\/v2\/pages\/737","targetHints":{"allow":["GET"]}}],"collection":[{"href":"https:\/\/www.webdesign-desbat.com\/ocdiff\/wp-json\/wp\/v2\/pages"}],"about":[{"href":"https:\/\/www.webdesign-desbat.com\/ocdiff\/wp-json\/wp\/v2\/types\/page"}],"author":[{"embeddable":true,"href":"https:\/\/www.webdesign-desbat.com\/ocdiff\/wp-json\/wp\/v2\/users\/1"}],"replies":[{"embeddable":true,"href":"https:\/\/www.webdesign-desbat.com\/ocdiff\/wp-json\/wp\/v2\/comments?post=737"}],"version-history":[{"count":0,"href":"https:\/\/www.webdesign-desbat.com\/ocdiff\/wp-json\/wp\/v2\/pages\/737\/revisions"}],"wp:attachment":[{"href":"https:\/\/www.webdesign-desbat.com\/ocdiff\/wp-json\/wp\/v2\/media?parent=737"}],"curies":[{"name":"wp","href":"https:\/\/api.w.org\/{rel}","templated":true}]}}