{"id":747,"date":"2021-01-13T11:11:38","date_gmt":"2021-01-13T10:11:38","guid":{"rendered":"https:\/\/www.webdesign-desbat.com\/ocdiff\/?page_id=747"},"modified":"2021-01-20T19:35:49","modified_gmt":"2021-01-20T18:35:49","slug":"rgpd","status":"publish","type":"page","link":"https:\/\/www.webdesign-desbat.com\/ocdiff\/rgpd\/","title":{"rendered":"RGPD"},"content":{"rendered":"\t\t<div data-elementor-type=\"wp-page\" data-elementor-id=\"747\" class=\"elementor elementor-747\" data-elementor-settings=\"[]\">\n\t\t\t\t\t\t<div class=\"elementor-inner\">\n\t\t\t\t\t\t\t<div class=\"elementor-section-wrap\">\n\t\t\t\t\t\t\t<section class=\"elementor-section elementor-top-section elementor-element elementor-element-6087932b elementor-section-full_width elementor-section-stretched elementor-section-height-default elementor-section-height-default\" data-id=\"6087932b\" data-element_type=\"section\" data-settings=\"{&quot;stretch_section&quot;:&quot;section-stretched&quot;,&quot;background_background&quot;:&quot;classic&quot;}\">\n\t\t\t\t\t\t<div class=\"elementor-container elementor-column-gap-default\">\n\t\t\t\t\t\t\t<div class=\"elementor-row\">\n\t\t\t\t\t<div class=\"elementor-column elementor-col-100 elementor-top-column elementor-element elementor-element-74353895\" data-id=\"74353895\" data-element_type=\"column\" data-settings=\"{&quot;background_background&quot;:&quot;classic&quot;}\">\n\t\t\t<div class=\"elementor-column-wrap elementor-element-populated\">\n\t\t\t\t\t\t\t<div class=\"elementor-widget-wrap\">\n\t\t\t\t\t\t<div class=\"elementor-element elementor-element-456f07d elementor-widget elementor-widget-heading\" data-id=\"456f07d\" data-element_type=\"widget\" data-widget_type=\"heading.default\">\n\t\t\t\t<div class=\"elementor-widget-container\">\n\t\t\t<h2 class=\"elementor-heading-title elementor-size-default\">RGPD<\/h2>\t\t<\/div>\n\t\t\t\t<\/div>\n\t\t\t\t\t\t<\/div>\n\t\t\t\t\t<\/div>\n\t\t<\/div>\n\t\t\t\t\t\t\t\t<\/div>\n\t\t\t\t\t<\/div>\n\t\t<\/section>\n\t\t\t\t<section class=\"elementor-section elementor-top-section elementor-element elementor-element-2cca23c elementor-section-boxed elementor-section-height-default elementor-section-height-default\" data-id=\"2cca23c\" data-element_type=\"section\">\n\t\t\t\t\t\t<div class=\"elementor-container elementor-column-gap-default\">\n\t\t\t\t\t\t\t<div class=\"elementor-row\">\n\t\t\t\t\t<div class=\"elementor-column elementor-col-100 elementor-top-column elementor-element elementor-element-e558cb4\" data-id=\"e558cb4\" data-element_type=\"column\">\n\t\t\t<div class=\"elementor-column-wrap elementor-element-populated\">\n\t\t\t\t\t\t\t<div class=\"elementor-widget-wrap\">\n\t\t\t\t\t\t<div class=\"elementor-element elementor-element-14720fb elementor-widget elementor-widget-spacer\" data-id=\"14720fb\" data-element_type=\"widget\" data-widget_type=\"spacer.default\">\n\t\t\t\t<div class=\"elementor-widget-container\">\n\t\t\t\t\t<div class=\"elementor-spacer\">\n\t\t\t<div class=\"elementor-spacer-inner\"><\/div>\n\t\t<\/div>\n\t\t\t\t<\/div>\n\t\t\t\t<\/div>\n\t\t\t\t\t\t<\/div>\n\t\t\t\t\t<\/div>\n\t\t<\/div>\n\t\t\t\t\t\t\t\t<\/div>\n\t\t\t\t\t<\/div>\n\t\t<\/section>\n\t\t\t\t<section class=\"elementor-section elementor-top-section elementor-element elementor-element-b4d1757 elementor-section-boxed elementor-section-height-default elementor-section-height-default\" data-id=\"b4d1757\" data-element_type=\"section\">\n\t\t\t\t\t\t<div class=\"elementor-container elementor-column-gap-default\">\n\t\t\t\t\t\t\t<div class=\"elementor-row\">\n\t\t\t\t\t<div class=\"elementor-column elementor-col-100 elementor-top-column elementor-element elementor-element-e806e58\" data-id=\"e806e58\" data-element_type=\"column\">\n\t\t\t<div class=\"elementor-column-wrap elementor-element-populated\">\n\t\t\t\t\t\t\t<div class=\"elementor-widget-wrap\">\n\t\t\t\t\t\t<div class=\"elementor-element elementor-element-95a3c19 elementor-widget elementor-widget-text-editor\" data-id=\"95a3c19\" data-element_type=\"widget\" data-widget_type=\"text-editor.default\">\n\t\t\t\t<div class=\"elementor-widget-container\">\n\t\t\t\t\t<div class=\"elementor-text-editor elementor-clearfix\"><p>Conform\u00e9ment aux dispositions des Articles 6-III et 19 de la Loi n\u00b02004-575 du 21 juin 2004 pour la Confiance dans l\u2019\u00e9conomie num\u00e9rique, dite L.C.E.N., il est port\u00e9 \u00e0 la connaissance des utilisateurs et visiteurs du site \u00ab <span style=\"color: #000000;\"><strong>Ocdiff<\/strong> <\/span>\u00bb les pr\u00e9sentes mentions l\u00e9gales.<\/p><p>Le site \u00ab <span style=\"color: #000000;\"><strong>ocdiff.com<\/strong><\/span> \u00bb est accessible \u00e0 l\u2019adresse suivante :<span style=\"color: #000000;\"><strong>\u00a0<a style=\"color: #000000;\" href=\"https:\/\/east-design.fr\/\">https:\/\/<\/a>ocdiff.com<\/strong><\/span> (ci-apr\u00e8s \u00ab\u00a0le Site\u00a0\u00bb). L\u2019acc\u00e8s et l\u2019utilisation du Site sont soumis aux pr\u00e9sentes \u00ab\u00a0Mentions l\u00e9gales\u00a0\u00bb d\u00e9taill\u00e9es ci-apr\u00e8s ainsi qu\u2019aux lois et\/ou r\u00e8glements applicables.<\/p><p>La connexion, l\u2019utilisation et l\u2019acc\u00e8s \u00e0 ce Site impliquent l\u2019acceptation int\u00e9grale et sans r\u00e9serve de l\u2019internaute de toutes les dispositions des pr\u00e9sentes Mentions L\u00e9gales.<\/p><h3><strong><br \/>ARTICLE 1 \u2013 INFORMATIONS L\u00c9GALES<br \/><\/strong><br \/><strong>En vertu de l\u2019Article 6 de la Loi n\u00b0 2004-575 du 21 juin 2004 pour la confiance dans l\u2019\u00e9conomie num\u00e9rique,<br \/>il est pr\u00e9cis\u00e9 dans cet article l\u2019identit\u00e9 des diff\u00e9rents intervenants dans le cadre de sa r\u00e9alisation et de son suivi.<\/strong><\/h3><ol><li><strong>Editeur du site<br \/><\/strong>Le site \u00ab <strong>Ocdiff<\/strong> \u00bb est \u00e9dit\u00e9 par :<br \/><strong>Manufacture Web\u00a0<\/strong>ayant son si\u00e8ge social \u00e0 l\u2019adresse suivante :<br \/>MONSIEUR GERARD DESBAT,<br \/>60 all\u00e9e Etienne Dolet 93320 Pavillon sous Bois<br \/>SIREN\u00a0\u00a0\u00a0 418 328\u00a0928<br \/>SIRET (siege)\u00a0\u00a0\u00a0\u00a0 41832892800027T\u00e9l\u00e9phone : 06 62 29 10 24<br \/>Adresse e-mail :<br \/><a href=\"mailto:contact@manufacture-web.com\" target=\"_blank\" rel=\"noopener\">contact@manufacture-web.com<\/a><br \/>Site Web :<br \/><a href=\"https:\/\/manufacture-web.com\/\" target=\"_blank\" rel=\"noopener\">https:\/\/manufacture-web.com\/<\/a><br \/><em>ci-apr\u00e8s \u00a0\u00bb l\u2019\u00c9diteur<\/em><em>\u00ab\u00a0<\/em><\/li><li><strong>Directeur de publication<br \/><\/strong>Le Directeur de publication est\u00a0Nathalie Jouault<strong><br \/><\/strong>Adresse e-mail de contact\u00a0:\u00a0<a href=\"mailto:contact@east-design.fr\">contact@manufactur-web.com<\/a><br \/><em>ci-apr\u00e8s\u00a0\u00a0\u00bb le Directeur de publication \u00ab\u00a0<\/em><\/li><li><strong>H\u00e9bergeur du site<br \/><\/strong>Le site \u00ab <strong>Ocdiff\u00bb<\/strong> est h\u00e9berg\u00e9 par :<br \/><strong>OVH<\/strong>dont le si\u00e8ge est situ\u00e9 \u00e0 l\u2019adresse suivante :SAS au capital de 10 069 020 \u20ac<br \/>RCS Lille M\u00e9tropole 424 761 419 00045<br \/>Code APE 2620Z<br \/>N\u00b0 TVA : FR 22 424 761 419<br \/>Si\u00e8ge social :<br \/>2 rue Kellermann \u2013 59100 Roubaix \u2013 France<\/li><li><strong>Utilisateurs<br \/><\/strong>Sont consid\u00e9r\u00e9s comme utilisateurs tous les internautes qui naviguent, lisent, visionnent et utilisent le site \u00abocdiff.com\u00bb<br \/><em>ci-apr\u00e8s les \u00a0\u00bb Utilisateurs \u00ab\u00a0<\/em><\/li><\/ol><h3><strong><br \/>ARTICLE 2 \u2013 CONFIDENTIALITE<\/strong><\/h3><p>DONNEES COLLECTEES ET TRAITEES<br \/>Conform\u00e9ment aux dispositions de l\u2019article 5 du R\u00e8glement europ\u00e9en 2016\/679, la collecte et le traitement des donn\u00e9es des utilisateurs du site respectent les principes suivants :<\/p><ul><li>Lic\u00e9it\u00e9, loyaut\u00e9 et transparence : les donn\u00e9es ne peuvent \u00eatre collect\u00e9es et trait\u00e9es qu\u2019avec le consentement de l\u2019utilisateur propri\u00e9taire des donn\u00e9es. A chaque fois que des donn\u00e9es \u00e0 caract\u00e8re personnel seront collect\u00e9es, il sera indiqu\u00e9 \u00e0 l\u2019utilisateur que ses donn\u00e9es sont collect\u00e9es, et pour quelles raisons ses donn\u00e9es sont collect\u00e9es ;<\/li><li>Finalit\u00e9s limit\u00e9es : la collecte et le traitement des donn\u00e9es sont ex\u00e9cut\u00e9s pour r\u00e9pondre \u00e0 un ou plusieurs objectifs d\u00e9termin\u00e9s dans les pr\u00e9sentes mentions l\u00e9gales ;<\/li><li>Minimisation de la collecte et du traitement des donn\u00e9es : seules les donn\u00e9es n\u00e9cessaires \u00e0 la bonne ex\u00e9cution des objectifs poursuivis par le site sont collect\u00e9es ;<\/li><li>Conservation des donn\u00e9es r\u00e9duites dans le temps : les donn\u00e9es sont conserv\u00e9es pour une dur\u00e9e limit\u00e9e, dont l\u2019utilisateur est inform\u00e9. Si la dur\u00e9e de conservation ne peut \u00eatre communiqu\u00e9e \u00e0 l\u2019utilisateur ;<\/li><li>Int\u00e9grit\u00e9 et confidentialit\u00e9 des donn\u00e9es collect\u00e9es et trait\u00e9es : le responsable du traitement des donn\u00e9es s\u2019engage \u00e0 garantir l\u2019int\u00e9grit\u00e9 et la confidentialit\u00e9 des donn\u00e9es collect\u00e9es.<\/li><\/ul><p>Afin d\u2019\u00eatre licite, et ce conform\u00e9ment aux exigences de l\u2019article 6 du r\u00e8glement europ\u00e9en 2016\/679, la collecte et le traitement des donn\u00e9es \u00e0 caract\u00e8re personnel ne pourront intervenir que s\u2019ils respectent au moins l\u2019une des conditions ci-apr\u00e8s \u00e9num\u00e9r\u00e9es :<\/p><ul><li>L\u2019utilisateur a express\u00e9ment consenti au traitement ;<\/li><li>Le traitement est n\u00e9cessaire \u00e0 la bonne ex\u00e9cution d\u2019un contrat;<\/li><li>Le traitement r\u00e9pond \u00e0 une obligation l\u00e9gale;<\/li><li>Le traitement s\u2019explique par une n\u00e9cessit\u00e9 li\u00e9e \u00e0 la sauvegarde des int\u00e9r\u00eats vitaux de la personne concern\u00e9e ou d\u2019une autre personne physique;<\/li><li>Le traitement peut s\u2019expliquer par une n\u00e9cessit\u00e9 li\u00e9e \u00e0 l\u2019ex\u00e9cution d\u2019une mission d\u2019int\u00e9r\u00eat public ou qui rel\u00e8ve de l\u2019exercice de l\u2019autorit\u00e9 publique;<\/li><li>Le traitement et la collecte des donn\u00e9es \u00e0 caract\u00e8re personnel sont n\u00e9cessaires aux fins des int\u00e9r\u00eats l\u00e9gitimes et priv\u00e9s poursuivis par le responsable du traitement ou par un tiers.<\/li><\/ul><p>Les donn\u00e9es \u00e0 caract\u00e8re personnel collect\u00e9es sur le site \u00ab <strong>Ocdiff.com<\/strong> \u00bb sont les suivantes :<\/p><ul><li>nom, adresse \u00e9lectronique et message<\/li><li>Ces donn\u00e9es sont collect\u00e9es lorsque l\u2019Utilisateur remplit le formulaire de contact sur la page\u00a0<a href=\"https:\/\/east-design.fr\/contact\/\">https:\/\/ocdiff\/contact\/<\/a><\/li><li>Le responsable de la protection des donn\u00e9es conservera dans ses syst\u00e8mes informatiques du site et dans des conditions raisonnables de s\u00e9curit\u00e9 l\u2019ensemble des donn\u00e9es collect\u00e9es pour une dur\u00e9e maximale d\u00e9finie dans ses proc\u00e9dures et ne pouvant exc\u00e9der 3 ans.<\/li><li>La collecte et le traitement des donn\u00e9es r\u00e9pondent aux finalit\u00e9s suivantes :<\/li><li>Les informations recueillies vous concernant sont indispensables pour r\u00e9pondre \u00e0 vos demandes d\u2019information, prise de rendez-vous, etc.<\/li><\/ul><p>HEBERGEMENT DES DONNEES<br \/>Tel que mentionn\u00e9 plus haut, le site \u00ab\u00a0East Design\u00bb est h\u00e9berg\u00e9 par :<br \/>Si\u00e8ge social :<br \/><strong>OVH\u00a0<\/strong>2 rue Kellermann \u2013 59100 Roubaix \u2013 France<br \/>Les donn\u00e9es collect\u00e9es et trait\u00e9es par le site sont exclusivement h\u00e9berg\u00e9es et trait\u00e9es en France.<\/p><p>LE RESPONSABLE DU TRAITEMENT DES DONN\u00c9ES<br \/>Le responsable de la protection des donn\u00e9es \u00e0 caract\u00e8re personnel peut \u00eatre contact\u00e9 par mail \u00e0 l\u2019adresse suivante :\u00a0 :\u00a0<span style=\"font-family: Roboto, sans-serif; font-size: 16px; font-style: normal; font-variant-ligatures: normal; font-variant-caps: normal; font-weight: 400; color: var( --e-global-color-text ); letter-spacing: 0.4px;\">\u00a0<\/span><strong><a style=\"font-family: Roboto, sans-serif; font-size: 16px; font-style: normal; font-variant-ligatures: normal; font-variant-caps: normal; font-weight: 400; letter-spacing: 0.4px; background-color: #ffffff;\" href=\"https:\/\/east-design.fr\/\">c<\/a>ontact@<span style=\"font-family: Roboto, sans-serif; font-size: 16px; font-style: normal; font-variant-ligatures: normal; font-variant-caps: normal; color: var( --e-global-color-text ); letter-spacing: 0.4px;\">ocdiff.com<\/span><\/strong><\/p><p>DONNEES PERSONNELLES DES PERSONNES MINEURES<br \/>Conform\u00e9ment aux dispositions de l\u2019article 8 du r\u00e8glement europ\u00e9en 2016\/679 et \u00e0 la loi Informatique et Libert\u00e9s, seuls les mineurs \u00e2g\u00e9s de 15 ans ou plus peuvent consentir au traitement de leurs donn\u00e9es personnelles.<br \/>Si l\u2019utilisateur est un mineur de moins de 15 ans, l\u2019accord d\u2019un repr\u00e9sentant l\u00e9gal sera requis afin que des donn\u00e9es \u00e0 caract\u00e8re personnel puissent \u00eatre collect\u00e9es et trait\u00e9es.<\/p><p>DROITS DE L\u2019UTILISATEUR ET PROC\u00c9DURES DE MISE EN OEUVRE DES DROITS DE L\u2019UTILISATEUR<br \/>Conform\u00e9ment \u00e0 la r\u00e9glementation concernant le traitement des donn\u00e9es \u00e0 caract\u00e8re personnel, l\u2019Utilisateur poss\u00e8de les droits ci-apr\u00e8s \u00e9num\u00e9r\u00e9s.<br \/>Afin que le responsable du traitement des donn\u00e9es fasse droit \u00e0 sa demande, l\u2019utilisateur est tenu de lui communiquer : ses pr\u00e9nom et nom ainsi que son adresse e-mail.<br \/>Le responsable du traitement des donn\u00e9es est tenu de r\u00e9pondre \u00e0 l\u2019Utilisateur dans un d\u00e9lai de 30 (trente) jours maximum.<br \/>Droit d\u2019acc\u00e8s, de rectification et droit \u00e0 l\u2019oubli<br \/>L\u2019utilisateur peut prendre connaissance, mettre \u00e0 jour, modifier ou demander la suppression des donn\u00e9es le concernant, en respectant la proc\u00e9dure ci-apr\u00e8s \u00e9nonc\u00e9e :<br \/>L\u2019Utilisateur peut, sous r\u00e9serve de la production d\u2019un justificatif d\u2019identit\u00e9 valide, exercer ses droits en contactant par mail le responsable de la protection des donn\u00e9es \u00e0 l\u2019adresse suivante :\u00a0<strong><a style=\"font-family: Roboto, sans-serif; font-size: 16px; font-style: normal; font-variant-ligatures: normal; font-variant-caps: normal; font-weight: 400; letter-spacing: 0.4px; background-color: #ffffff;\" href=\"https:\/\/east-design.fr\/\">c<\/a><span style=\"font-family: Roboto, sans-serif; font-size: 16px; font-style: normal; font-variant-ligatures: normal; font-variant-caps: normal; color: var( --e-global-color-text ); letter-spacing: 0.4px;\">ontact@<\/span><span style=\"font-family: Roboto, sans-serif; font-size: 16px; font-style: normal; font-variant-ligatures: normal; font-variant-caps: normal; color: var( --e-global-color-text ); letter-spacing: 0.4px;\">ocdiff.com<\/span><\/strong><\/p><p><strong>Droit \u00e0 la portabilit\u00e9 des donn\u00e9es<br \/><\/strong>L\u2019Utilisateur a le droit de demander la portabilit\u00e9 de ses donn\u00e9es personnelles, d\u00e9tenues par le site, vers un autre site, en se conformant \u00e0 la proc\u00e9dure ci-apr\u00e8s :<br \/>L\u2019Utilisateur peut, sous r\u00e9serve de la production d\u2019un justificatif d\u2019identit\u00e9 valide, exercer ses droits en contactant par mail le responsable de la protection des donn\u00e9es \u00e0 l\u2019adresse suivante :\u00a0<strong><a style=\"font-family: Roboto, sans-serif; font-size: 16px; font-style: normal; font-variant-ligatures: normal; font-variant-caps: normal; font-weight: 400; letter-spacing: 0.4px; background-color: #ffffff;\" href=\"https:\/\/east-design.fr\/\">c<\/a><span style=\"font-family: Roboto, sans-serif; font-size: 16px; font-style: normal; font-variant-ligatures: normal; font-variant-caps: normal; color: var( --e-global-color-text ); letter-spacing: 0.4px;\">ontact@<\/span><span style=\"font-family: Roboto, sans-serif; font-size: 16px; font-style: normal; font-variant-ligatures: normal; font-variant-caps: normal; color: var( --e-global-color-text ); letter-spacing: 0.4px;\">ocdiff.com<\/span><\/strong><\/p><p><em><br \/><\/em><strong>Droit \u00e0 la limitation et \u00e0 l\u2019opposition du traitement des donn\u00e9es<\/strong><em><strong><br \/><\/strong><\/em>Enfin, l\u2019Utilisateur a le droit de demander la limitation ou de s\u2019opposer au traitement de ses donn\u00e9es par le site, sans que le site ne puisse refuser, sauf \u00e0 d\u00e9montrer l\u2019existence de motifs l\u00e9gitimes et imp\u00e9rieux, pouvant pr\u00e9valoir sur les int\u00e9r\u00eats et les droits et libert\u00e9s de l\u2019Utilisateur.<\/p><p><em><br \/><\/em><strong>Droit de d\u00e9terminer le sort des donn\u00e9es apr\u00e8s la mort<br \/><\/strong>Il est rappel\u00e9 \u00e0 l\u2019utilisateur qu\u2019il peut organiser quel doit \u00eatre le devenir de ses donn\u00e9es collect\u00e9es et trait\u00e9es s\u2019il d\u00e9c\u00e8de, conform\u00e9ment \u00e0 la loi n\u00b02016-1321 du 7 octobre 2016.<\/p><p><em><br \/><\/em><strong>Droit de saisir l\u2019autorit\u00e9 de contr\u00f4le comp\u00e9tente<\/strong><\/p><p>Dans le cas o\u00f9 le responsable du traitement des donn\u00e9es d\u00e9cide de ne pas r\u00e9pondre \u00e0 la demande de l\u2019Utilisateur, et que l\u2019Utilisateur souhaite contester cette d\u00e9cision, il est en droit de saisir la CNIL (Commission Nationale de l\u2019Informatique et des Libert\u00e9s,\u00a0<a href=\"https:\/\/www.cnil.fr\/\">https:\/\/www.cnil.fr<\/a>) ou tout juge comp\u00e9tent.<\/p><p>OBLIGATIONS DU RESPONSABLE DU TRAITEMENT DES DONN\u00c9ES<br \/>Le responsable du traitement s\u2019engage \u00e0 prot\u00e9ger les donn\u00e9es \u00e0 caract\u00e8re personnel collect\u00e9es, \u00e0 ne pas les transmettre \u00e0 des tiers sans que l\u2019utilisateur n\u2019en ait \u00e9t\u00e9 inform\u00e9 et \u00e0 respecter les finalit\u00e9s pour lesquelles ces donn\u00e9es ont \u00e9t\u00e9 collect\u00e9es.<br \/>De plus, le responsable du traitement des donn\u00e9es s\u2019engage \u00e0 notifier l\u2019utilisateur en cas de rectification ou de suppression des donn\u00e9es, \u00e0 moins que cela n\u2019entra\u00eene pour lui des formalit\u00e9s, co\u00fbts et d\u00e9marches disproportionn\u00e9s.<br \/>Dans le cas o\u00f9 l\u2019int\u00e9grit\u00e9, la confidentialit\u00e9 ou la s\u00e9curit\u00e9 des donn\u00e9es \u00e0 caract\u00e8re personnel de l\u2019Utilisateur est compromise, le responsable du traitement s\u2019engage \u00e0 informer l\u2019Utilisateur par tout moyen.<\/p><h3><strong><br \/>ARTICLE 3 \u2013 ACCESSIBILIT\u00c9<\/strong><\/h3><p>Le Site est par principe accessible aux Utilisateurs 24\/24 h et 7\/7 j, sauf interruption, programm\u00e9e ou non, pour des besoins de maintenance ou en cas de force majeure.<br \/>En cas d\u2019impossibilit\u00e9 d\u2019acc\u00e8s au Site, celui-ci s\u2019engage \u00e0 faire son maximum afin d\u2019en r\u00e9tablir l\u2019acc\u00e8s. Le Site ne saurait \u00eatre tenu pour responsable de tout dommage, quelle qu\u2019en soit la nature, r\u00e9sultant de son indisponibilit\u00e9.<\/p><h3><strong><br \/>ARTICLE 4 \u2013 LOI APPLICABLE ET JURIDICTION<\/strong><\/h3><p>Les pr\u00e9sentes Mentions L\u00e9gales sont r\u00e9gies par la loi fran\u00e7aise. En cas de diff\u00e9rend et \u00e0 d\u00e9faut d\u2019accord amiable, le litige sera port\u00e9 devant les tribunaux fran\u00e7ais conform\u00e9ment aux r\u00e8gles de comp\u00e9tence en vigueur.<\/p><h3><strong><br \/>ARTICLE 5 \u2013 CONTACT<\/strong><\/h3><p>Pour tout signalement de contenus ou d\u2019activit\u00e9s illicites, l\u2019Utilisateur peut contacter l\u2019\u00c9diteur \u00e0 l\u2019adresse suivante :<br \/><a style=\"font-variant-ligatures: normal; font-variant-caps: normal; font-family: Roboto, sans-serif; font-size: 16px; font-style: normal; font-weight: 400; background-color: #ffffff; letter-spacing: 0.4px;\" href=\"https:\/\/east-design.fr\/\">c<\/a><span style=\"font-family: Roboto, sans-serif; font-size: 16px; font-style: normal; font-variant-ligatures: normal; font-variant-caps: normal; font-weight: 400; letter-spacing: 0.4px;\">ontact@<\/span><span style=\"font-variant-ligatures: normal; font-variant-caps: normal; font-family: Roboto, sans-serif; font-size: 16px; font-style: normal; font-weight: 400; color: var( --e-global-color-text ); letter-spacing: 0.4px;\">ocdiff.com<\/span>, ou par courrier recommand\u00e9 avec accus\u00e9 de r\u00e9ception adress\u00e9 \u00e0 l\u2019\u00c9diteur aux coordonn\u00e9es pr\u00e9cis\u00e9es dans les pr\u00e9sentes mentions l\u00e9gales.<\/p><p>Cr\u00e9dits photos :<br \/>Ocdiff \u2013 Manufacture WebO<\/p><\/div>\n\t\t\t\t<\/div>\n\t\t\t\t<\/div>\n\t\t\t\t\t\t<\/div>\n\t\t\t\t\t<\/div>\n\t\t<\/div>\n\t\t\t\t\t\t\t\t<\/div>\n\t\t\t\t\t<\/div>\n\t\t<\/section>\n\t\t\t\t\t\t<\/div>\n\t\t\t\t\t\t<\/div>\n\t\t\t\t\t<\/div>\n\t\t","protected":false},"excerpt":{"rendered":"<p>RGPD Conform\u00e9ment aux dispositions des Articles 6-III et 19 de la Loi n\u00b02004-575 du 21 juin 2004 pour la Confiance dans l\u2019\u00e9conomie num\u00e9rique, dite L.C.E.N., il est port\u00e9 \u00e0 la connaissance des utilisateurs et visiteurs du site \u00ab Ocdiff \u00bb les pr\u00e9sentes mentions l\u00e9gales. Le site \u00ab ocdiff.com \u00bb est accessible \u00e0 l\u2019adresse suivante :\u00a0https:\/\/ocdiff.com\u2026<\/p>\n","protected":false},"author":1,"featured_media":0,"parent":0,"menu_order":0,"comment_status":"closed","ping_status":"closed","template":"","meta":{"footnotes":""},"class_list":["post-747","page","type-page","status-publish","hentry","entry","owp-thumbs-layout-horizontal","owp-btn-normal","owp-tabs-layout-horizontal","has-no-thumbnails","has-product-nav"],"yoast_head":"<!-- This site is optimized with the Yoast SEO plugin v15.5 - https:\/\/yoast.com\/wordpress\/plugins\/seo\/ -->\n<title>RGPD - Ocdiff<\/title>\n<meta name=\"robots\" content=\"index, follow, max-snippet:-1, max-image-preview:large, max-video-preview:-1\" \/>\n<link rel=\"canonical\" href=\"https:\/\/www.webdesign-desbat.com\/ocdiff\/rgpd\/\" \/>\n<meta property=\"og:locale\" content=\"fr_FR\" \/>\n<meta property=\"og:type\" content=\"article\" \/>\n<meta property=\"og:title\" content=\"RGPD - Ocdiff\" \/>\n<meta property=\"og:description\" content=\"RGPD Conform\u00e9ment aux dispositions des Articles 6-III et 19 de la Loi n\u00b02004-575 du 21 juin 2004 pour la Confiance dans l\u2019\u00e9conomie num\u00e9rique, dite L.C.E.N., il est port\u00e9 \u00e0 la connaissance des utilisateurs et visiteurs du site \u00ab Ocdiff \u00bb les pr\u00e9sentes mentions l\u00e9gales. Le site \u00ab ocdiff.com \u00bb est accessible \u00e0 l\u2019adresse suivante :\u00a0https:\/\/ocdiff.com\u2026\" \/>\n<meta property=\"og:url\" content=\"https:\/\/www.webdesign-desbat.com\/ocdiff\/rgpd\/\" \/>\n<meta property=\"og:site_name\" content=\"Ocdiff\" \/>\n<meta property=\"article:modified_time\" content=\"2021-01-20T18:35:49+00:00\" \/>\n<meta name=\"twitter:card\" content=\"summary_large_image\" \/>\n<meta name=\"twitter:label1\" content=\"Dur\u00e9e de lecture est.\">\n\t<meta name=\"twitter:data1\" content=\"7 minutes\">\n<script type=\"application\/ld+json\" class=\"yoast-schema-graph\">{\"@context\":\"https:\/\/schema.org\",\"@graph\":[{\"@type\":\"WebSite\",\"@id\":\"https:\/\/www.webdesign-desbat.com\/ocdiff\/#website\",\"url\":\"https:\/\/www.webdesign-desbat.com\/ocdiff\/\",\"name\":\"Ocdiff\",\"description\":\"Conception et r\\u00e9alisation  de meubles  sur-mesure en Plexiglas, protection comptoir, bacs soldeurs\",\"potentialAction\":[{\"@type\":\"SearchAction\",\"target\":\"https:\/\/www.webdesign-desbat.com\/ocdiff\/?s={search_term_string}\",\"query-input\":\"required name=search_term_string\"}],\"inLanguage\":\"fr-FR\"},{\"@type\":\"WebPage\",\"@id\":\"https:\/\/www.webdesign-desbat.com\/ocdiff\/rgpd\/#webpage\",\"url\":\"https:\/\/www.webdesign-desbat.com\/ocdiff\/rgpd\/\",\"name\":\"RGPD - Ocdiff\",\"isPartOf\":{\"@id\":\"https:\/\/www.webdesign-desbat.com\/ocdiff\/#website\"},\"datePublished\":\"2021-01-13T10:11:38+00:00\",\"dateModified\":\"2021-01-20T18:35:49+00:00\",\"inLanguage\":\"fr-FR\",\"potentialAction\":[{\"@type\":\"ReadAction\",\"target\":[\"https:\/\/www.webdesign-desbat.com\/ocdiff\/rgpd\/\"]}]}]}<\/script>\n<!-- \/ Yoast SEO plugin. -->","_links":{"self":[{"href":"https:\/\/www.webdesign-desbat.com\/ocdiff\/wp-json\/wp\/v2\/pages\/747","targetHints":{"allow":["GET"]}}],"collection":[{"href":"https:\/\/www.webdesign-desbat.com\/ocdiff\/wp-json\/wp\/v2\/pages"}],"about":[{"href":"https:\/\/www.webdesign-desbat.com\/ocdiff\/wp-json\/wp\/v2\/types\/page"}],"author":[{"embeddable":true,"href":"https:\/\/www.webdesign-desbat.com\/ocdiff\/wp-json\/wp\/v2\/users\/1"}],"replies":[{"embeddable":true,"href":"https:\/\/www.webdesign-desbat.com\/ocdiff\/wp-json\/wp\/v2\/comments?post=747"}],"version-history":[{"count":0,"href":"https:\/\/www.webdesign-desbat.com\/ocdiff\/wp-json\/wp\/v2\/pages\/747\/revisions"}],"wp:attachment":[{"href":"https:\/\/www.webdesign-desbat.com\/ocdiff\/wp-json\/wp\/v2\/media?parent=747"}],"curies":[{"name":"wp","href":"https:\/\/api.w.org\/{rel}","templated":true}]}}