{"id":1996,"date":"2021-02-22T19:13:09","date_gmt":"2021-02-22T18:13:09","guid":{"rendered":"https:\/\/www.webdesign-desbat.com\/ocdiff\/?post_type=product&#038;p=1996"},"modified":"2021-04-12T20:33:39","modified_gmt":"2021-04-12T18:33:39","slug":"porte-affichettes-telescopique","status":"publish","type":"product","link":"https:\/\/www.webdesign-desbat.com\/ocdiff\/produit\/porte-affichettes-telescopique\/","title":{"rendered":"Porte affichettes t\u00e9lescopiques"},"content":{"rendered":"<p>&nbsp;<\/p>\n<p>&nbsp;<\/p>\n","protected":false},"excerpt":{"rendered":"<h3>Portes affichettes t\u00e9lescopiques<\/h3>\n<p>R\u00e9f\u00e9rence : <strong>PAT60<br \/>\n<\/strong>Hauteur :<strong> 1,54 m<\/strong><\/p>\n","protected":false},"featured_media":1997,"comment_status":"open","ping_status":"closed","template":"","meta":[],"class_list":{"0":"post-1996","1":"product","2":"type-product","3":"status-publish","4":"has-post-thumbnail","5":"hentry","6":"product_cat-porte-affichettes-telescopique","8":"entry","9":"has-media","10":"owp-thumbs-layout-horizontal","11":"owp-btn-normal","12":"owp-tabs-layout-horizontal","13":"has-no-thumbnails","14":"has-product-nav"},"yoast_head":"<!-- This site is optimized with the Yoast SEO plugin v15.5 - https:\/\/yoast.com\/wordpress\/plugins\/seo\/ -->\n<title>Porte affichettes t\u00e9lescopiques - Ocdiff<\/title>\n<meta name=\"robots\" content=\"index, follow, max-snippet:-1, max-image-preview:large, max-video-preview:-1\" \/>\n<link rel=\"canonical\" href=\"https:\/\/www.webdesign-desbat.com\/ocdiff\/produit\/porte-affichettes-telescopique\/\" \/>\n<meta property=\"og:locale\" content=\"fr_FR\" \/>\n<meta property=\"og:type\" content=\"article\" \/>\n<meta property=\"og:title\" content=\"Porte affichettes t\u00e9lescopiques - Ocdiff\" \/>\n<meta property=\"og:description\" content=\"Portes affichettes t\u00e9lescopiques R\u00e9f\u00e9rence : PAT60 Hauteur : 1,54 m\" \/>\n<meta property=\"og:url\" content=\"https:\/\/www.webdesign-desbat.com\/ocdiff\/produit\/porte-affichettes-telescopique\/\" \/>\n<meta property=\"og:site_name\" content=\"Ocdiff\" \/>\n<meta property=\"article:modified_time\" content=\"2021-04-12T18:33:39+00:00\" \/>\n<meta property=\"og:image\" content=\"https:\/\/www.webdesign-desbat.com\/ocdiff\/wp-content\/uploads\/2021\/02\/PAT60-porte-affichette-telescopique.jpg\" \/>\n\t<meta property=\"og:image:width\" content=\"729\" \/>\n\t<meta property=\"og:image:height\" content=\"800\" \/>\n<meta name=\"twitter:card\" content=\"summary_large_image\" \/>\n<meta name=\"twitter:label1\" content=\"Dur\u00e9e de lecture est.\">\n\t<meta name=\"twitter:data1\" content=\"0 minute\">\n<script type=\"application\/ld+json\" class=\"yoast-schema-graph\">{\"@context\":\"https:\/\/schema.org\",\"@graph\":[{\"@type\":\"WebSite\",\"@id\":\"https:\/\/www.webdesign-desbat.com\/ocdiff\/#website\",\"url\":\"https:\/\/www.webdesign-desbat.com\/ocdiff\/\",\"name\":\"Ocdiff\",\"description\":\"Conception et r\\u00e9alisation  de meubles  sur-mesure en Plexiglas, protection comptoir, bacs soldeurs\",\"potentialAction\":[{\"@type\":\"SearchAction\",\"target\":\"https:\/\/www.webdesign-desbat.com\/ocdiff\/?s={search_term_string}\",\"query-input\":\"required name=search_term_string\"}],\"inLanguage\":\"fr-FR\"},{\"@type\":\"ImageObject\",\"@id\":\"https:\/\/www.webdesign-desbat.com\/ocdiff\/produit\/porte-affichettes-telescopique\/#primaryimage\",\"inLanguage\":\"fr-FR\",\"url\":\"https:\/\/www.webdesign-desbat.com\/ocdiff\/wp-content\/uploads\/2021\/02\/PAT60-porte-affichette-telescopique.jpg\",\"width\":729,\"height\":800,\"caption\":\"SUR15\"},{\"@type\":\"WebPage\",\"@id\":\"https:\/\/www.webdesign-desbat.com\/ocdiff\/produit\/porte-affichettes-telescopique\/#webpage\",\"url\":\"https:\/\/www.webdesign-desbat.com\/ocdiff\/produit\/porte-affichettes-telescopique\/\",\"name\":\"Porte affichettes t\\u00e9lescopiques - Ocdiff\",\"isPartOf\":{\"@id\":\"https:\/\/www.webdesign-desbat.com\/ocdiff\/#website\"},\"primaryImageOfPage\":{\"@id\":\"https:\/\/www.webdesign-desbat.com\/ocdiff\/produit\/porte-affichettes-telescopique\/#primaryimage\"},\"datePublished\":\"2021-02-22T18:13:09+00:00\",\"dateModified\":\"2021-04-12T18:33:39+00:00\",\"inLanguage\":\"fr-FR\",\"potentialAction\":[{\"@type\":\"ReadAction\",\"target\":[\"https:\/\/www.webdesign-desbat.com\/ocdiff\/produit\/porte-affichettes-telescopique\/\"]}]}]}<\/script>\n<!-- \/ Yoast SEO plugin. -->","_links":{"self":[{"href":"https:\/\/www.webdesign-desbat.com\/ocdiff\/wp-json\/wp\/v2\/product\/1996","targetHints":{"allow":["GET"]}}],"collection":[{"href":"https:\/\/www.webdesign-desbat.com\/ocdiff\/wp-json\/wp\/v2\/product"}],"about":[{"href":"https:\/\/www.webdesign-desbat.com\/ocdiff\/wp-json\/wp\/v2\/types\/product"}],"replies":[{"embeddable":true,"href":"https:\/\/www.webdesign-desbat.com\/ocdiff\/wp-json\/wp\/v2\/comments?post=1996"}],"wp:featuredmedia":[{"embeddable":true,"href":"https:\/\/www.webdesign-desbat.com\/ocdiff\/wp-json\/wp\/v2\/media\/1997"}],"wp:attachment":[{"href":"https:\/\/www.webdesign-desbat.com\/ocdiff\/wp-json\/wp\/v2\/media?parent=1996"}],"curies":[{"name":"wp","href":"https:\/\/api.w.org\/{rel}","templated":true}]}}