{"id":2395,"date":"2021-03-11T09:06:06","date_gmt":"2021-03-11T08:06:06","guid":{"rendered":"https:\/\/www.webdesign-desbat.com\/ocdiff\/?post_type=product&#038;p=2395"},"modified":"2021-04-22T12:09:34","modified_gmt":"2021-04-22T10:09:34","slug":"separateur-croix-perpendiculaire-4","status":"publish","type":"product","link":"https:\/\/www.webdesign-desbat.com\/ocdiff\/produit\/separateur-croix-perpendiculaire-4\/","title":{"rendered":"S\u00e9parateur en croix perpendiculaire en 4 parties"},"content":{"rendered":"","protected":false},"excerpt":{"rendered":"","protected":false},"featured_media":2970,"comment_status":"open","ping_status":"closed","template":"","meta":[],"class_list":{"0":"post-2395","1":"product","2":"type-product","3":"status-publish","4":"has-post-thumbnail","5":"hentry","6":"product_cat-separateur","8":"entry","9":"has-media","10":"owp-thumbs-layout-horizontal","11":"owp-btn-normal","12":"owp-tabs-layout-horizontal","13":"has-no-thumbnails","14":"has-product-nav"},"yoast_head":"<!-- This site is optimized with the Yoast SEO plugin v15.5 - https:\/\/yoast.com\/wordpress\/plugins\/seo\/ -->\n<title>S\u00e9parateur en croix perpendiculaire en 4 parties - Ocdiff<\/title>\n<meta name=\"description\" content=\"Pour bac soldeur s\u00e9parateur en croix, OCDIFF sp\u00e9cialiste de l&#039;ameublement pharmceutiques en plexiglass. R\u00e9pons \u00e0 des demandee sp\u00e9cifiques\" \/>\n<meta name=\"robots\" content=\"index, follow, max-snippet:-1, max-image-preview:large, max-video-preview:-1\" \/>\n<link rel=\"canonical\" href=\"https:\/\/www.webdesign-desbat.com\/ocdiff\/produit\/separateur-croix-perpendiculaire-4\/\" \/>\n<meta property=\"og:locale\" content=\"fr_FR\" \/>\n<meta property=\"og:type\" content=\"article\" \/>\n<meta property=\"og:title\" content=\"S\u00e9parateur en croix perpendiculaire en 4 parties - Ocdiff\" \/>\n<meta property=\"og:description\" content=\"Pour bac soldeur s\u00e9parateur en croix, OCDIFF sp\u00e9cialiste de l&#039;ameublement pharmceutiques en plexiglass. R\u00e9pons \u00e0 des demandee sp\u00e9cifiques\" \/>\n<meta property=\"og:url\" content=\"https:\/\/www.webdesign-desbat.com\/ocdiff\/produit\/separateur-croix-perpendiculaire-4\/\" \/>\n<meta property=\"og:site_name\" content=\"Ocdiff\" \/>\n<meta property=\"article:modified_time\" content=\"2021-04-22T10:09:34+00:00\" \/>\n<meta property=\"og:image\" content=\"https:\/\/www.webdesign-desbat.com\/ocdiff\/wp-content\/uploads\/2021\/03\/separateur-4-parties.jpg\" \/>\n\t<meta property=\"og:image:width\" content=\"729\" \/>\n\t<meta property=\"og:image:height\" content=\"800\" \/>\n<meta name=\"twitter:card\" content=\"summary_large_image\" \/>\n<script type=\"application\/ld+json\" class=\"yoast-schema-graph\">{\"@context\":\"https:\/\/schema.org\",\"@graph\":[{\"@type\":\"WebSite\",\"@id\":\"https:\/\/www.webdesign-desbat.com\/ocdiff\/#website\",\"url\":\"https:\/\/www.webdesign-desbat.com\/ocdiff\/\",\"name\":\"Ocdiff\",\"description\":\"Conception et r\\u00e9alisation  de meubles  sur-mesure en Plexiglas, protection comptoir, bacs soldeurs\",\"potentialAction\":[{\"@type\":\"SearchAction\",\"target\":\"https:\/\/www.webdesign-desbat.com\/ocdiff\/?s={search_term_string}\",\"query-input\":\"required name=search_term_string\"}],\"inLanguage\":\"fr-FR\"},{\"@type\":\"ImageObject\",\"@id\":\"https:\/\/www.webdesign-desbat.com\/ocdiff\/produit\/separateur-croix-perpendiculaire-4\/#primaryimage\",\"inLanguage\":\"fr-FR\",\"url\":\"https:\/\/www.webdesign-desbat.com\/ocdiff\/wp-content\/uploads\/2021\/03\/separateur-4-parties.jpg\",\"width\":729,\"height\":800,\"caption\":\"S\\u00e9parateur en croix perpendiculaire en 4 parties\"},{\"@type\":\"WebPage\",\"@id\":\"https:\/\/www.webdesign-desbat.com\/ocdiff\/produit\/separateur-croix-perpendiculaire-4\/#webpage\",\"url\":\"https:\/\/www.webdesign-desbat.com\/ocdiff\/produit\/separateur-croix-perpendiculaire-4\/\",\"name\":\"S\\u00e9parateur en croix perpendiculaire en 4 parties - Ocdiff\",\"isPartOf\":{\"@id\":\"https:\/\/www.webdesign-desbat.com\/ocdiff\/#website\"},\"primaryImageOfPage\":{\"@id\":\"https:\/\/www.webdesign-desbat.com\/ocdiff\/produit\/separateur-croix-perpendiculaire-4\/#primaryimage\"},\"datePublished\":\"2021-03-11T08:06:06+00:00\",\"dateModified\":\"2021-04-22T10:09:34+00:00\",\"description\":\"Pour bac soldeur s\\u00e9parateur en croix, OCDIFF sp\\u00e9cialiste de l'ameublement pharmceutiques en plexiglass. R\\u00e9pons \\u00e0 des demandee sp\\u00e9cifiques\",\"inLanguage\":\"fr-FR\",\"potentialAction\":[{\"@type\":\"ReadAction\",\"target\":[\"https:\/\/www.webdesign-desbat.com\/ocdiff\/produit\/separateur-croix-perpendiculaire-4\/\"]}]}]}<\/script>\n<!-- \/ Yoast SEO plugin. -->","_links":{"self":[{"href":"https:\/\/www.webdesign-desbat.com\/ocdiff\/wp-json\/wp\/v2\/product\/2395","targetHints":{"allow":["GET"]}}],"collection":[{"href":"https:\/\/www.webdesign-desbat.com\/ocdiff\/wp-json\/wp\/v2\/product"}],"about":[{"href":"https:\/\/www.webdesign-desbat.com\/ocdiff\/wp-json\/wp\/v2\/types\/product"}],"replies":[{"embeddable":true,"href":"https:\/\/www.webdesign-desbat.com\/ocdiff\/wp-json\/wp\/v2\/comments?post=2395"}],"wp:featuredmedia":[{"embeddable":true,"href":"https:\/\/www.webdesign-desbat.com\/ocdiff\/wp-json\/wp\/v2\/media\/2970"}],"wp:attachment":[{"href":"https:\/\/www.webdesign-desbat.com\/ocdiff\/wp-json\/wp\/v2\/media?parent=2395"}],"curies":[{"name":"wp","href":"https:\/\/api.w.org\/{rel}","templated":true}]}}